{"id":1747,"date":"2017-05-03T14:33:14","date_gmt":"2017-05-03T12:33:14","guid":{"rendered":"http:\/\/localhost\/wordpress\/?page_id=1747"},"modified":"2017-05-31T16:34:31","modified_gmt":"2017-05-31T14:34:31","slug":"limmobilier","status":"publish","type":"page","link":"https:\/\/jb-patrimoine.fr\/en\/limmobilier\/","title":{"rendered":"Loi Duflot"},"content":{"rendered":"<p><\/p>\n<div id=\"pl-1747\"  class=\"panel-layout\" >\n<div id=\"pg-1747-0\"  class=\"panel-grid panel-has-style\"  data-style=\"{&quot;background_image_attachment&quot;:false,&quot;background_display&quot;:&quot;tile&quot;,&quot;cell_alignment&quot;:&quot;flex-start&quot;,&quot;align&quot;:&quot;&quot;,&quot;background_image&quot;:false,&quot;column_padding&quot;:&quot;&quot;}\" >\n<div style=\"padding: 100px 0; \" class=\"panel-row-style panel-row-style-for-1747-0\" >\n<div id=\"pgc-1747-0-0\"  class=\"panel-grid-cell\"  data-weight=\"1\" >\n<div id=\"panel-1747-0-0-0\" class=\"so-panel widget panel-first-child panel-last-child\" data-index=\"0\" ><\/div>\n<\/div>\n<\/div>\n<\/div>\n<\/div>\n<p><\/p>","protected":false},"excerpt":{"rendered":"","protected":false},"author":1,"featured_media":0,"parent":0,"menu_order":0,"comment_status":"closed","ping_status":"closed","template":"","meta":{"_mi_skip_tracking":false,"advanced_seo_description":"","spay_email":""},"jetpack_sharing_enabled":true,"jetpack_shortlink":"https:\/\/wp.me\/P8NvAR-sb","jetpack-related-posts":[{"id":1778,"url":"https:\/\/jb-patrimoine.fr\/en\/loi-duflot-dom\/","url_meta":{"origin":1747,"position":0},"title":"Loi Duflot DOM","date":"Wednesday May  3rd, 2017","format":false,"excerpt":"Dispositif Duflot Outre-Mer La loi \u00ab Duflot Outre Mer \u00bb repr\u00e9sente une nouvelle incitation fiscale en faveur de l'investissement immobilier locatif dans le secteur Outre Mer. Elle permet de b\u00e9n\u00e9ficier d'un outil particuli\u00e8rement puissant de d\u00e9fiscalisation patrimoniale. Environnement et pr\u00e9sentation g\u00e9n\u00e9rale La loi \u00ab Duflot Outre Mer \u00bb concerne les\u2026","rel":"","context":"Similar post","img":{"alt_text":"","src":"","width":0,"height":0},"classes":[]},{"id":1791,"url":"https:\/\/jb-patrimoine.fr\/en\/malraux\/","url_meta":{"origin":1747,"position":1},"title":"Malraux","date":"Wednesday May  3rd, 2017","format":false,"excerpt":"DISPOSITIF MALRAUX La loi \u00ab Malraux \u00bb s'adresse \u00e0 un panel d'investisseurs qui veut \u00e0 la fois r\u00e9duire de fa\u00e7on cons\u00e9quente ses imp\u00f4ts et se constituer un patrimoine puisque par d\u00e9finition, les emplacements sont tr\u00e8s souvent qualitatifs. C'est un dispositif fiscal extr\u00eamement incitatif. Environnement et pr\u00e9sentation g\u00e9n\u00e9rale - Biens concern\u00e9s\u2026","rel":"","context":"Similar post","img":{"alt_text":"","src":"","width":0,"height":0},"classes":[]},{"id":1785,"url":"https:\/\/jb-patrimoine.fr\/en\/lmnp-censi-bouvard\/","url_meta":{"origin":1747,"position":2},"title":"LMNP Censi Bouvard","date":"Wednesday May  3rd, 2017","format":false,"excerpt":"DISPOSITIF LMNP CENSI BOUVARD La loi de finances rectificative pour 2009 a cr\u00e9e une nouvelle r\u00e9duction d'imp\u00f4t facultative applicable \u00e0 l'activit\u00e9 de Loueur Meubl\u00e9 Non Professionnel et applicable entre le 1ier Janvier 2009 et le 31 D\u00e9cembre 2016. La loi \u00ab Censi Bouvard \u00bb s'adresse \u00e0 un large panel d'investisseur\u2026","rel":"","context":"Similar post","img":{"alt_text":"","src":"","width":0,"height":0},"classes":[]},{"id":25,"url":"https:\/\/jb-patrimoine.fr\/en\/","url_meta":{"origin":1747,"position":3},"title":"FrontPage","date":"Wednesday May  3rd, 2017","format":false,"excerpt":"","rel":"","context":"Similar post","img":{"alt_text":"","src":"","width":0,"height":0},"classes":[]},{"id":1787,"url":"https:\/\/jb-patrimoine.fr\/en\/lmnp\/","url_meta":{"origin":1747,"position":4},"title":"LMNP","date":"Wednesday May  3rd, 2017","format":false,"excerpt":"DISPOSITIF LMNP Loueur en Meubl\u00e9 Non Professionnel : Le statut \u00ab LMNP \u00bb existe depuis plus de 40 ans. Le \u00ab LMNP \u00bb est le compl\u00e9ment de revenus par excellence car il permet de d\u00e9gager une rente non fiscalis\u00e9e pour la retraite. Le dispositif \u00ab LMNP \u00bb s'adresse \u00e0 un\u2026","rel":"","context":"Similar post","img":{"alt_text":"","src":"","width":0,"height":0},"classes":[]},{"id":2,"url":"https:\/\/jb-patrimoine.fr\/en\/presentation\/","url_meta":{"origin":1747,"position":5},"title":"Pr\u00e9sentation","date":"Wednesday May  3rd, 2017","format":false,"excerpt":"JB PATRIMOINE vous conseille et vous accompagne tout au long de votre projet dans votre investissement patrimonial. Cr\u00e9\u00e9 en 2005, le cabinet JB PATRIMOINE est ind\u00e9pendant tant sur le choix des promoteurs et des biens immobiliers, que sur le choix des organismes bancaires. Ainsi, nous sommes enti\u00e8rement libre de choisir\u2026","rel":"","context":"Similar post","img":{"alt_text":"","src":"https:\/\/i0.wp.com\/jb-patrimoine.fr\/wp-content\/uploads\/2017\/05\/cropped-34022973940_d902d112a9_k-3.jpg?fit=1200%2C329&ssl=1&resize=350%2C200","width":350,"height":200},"classes":[]}],"_links":{"self":[{"href":"https:\/\/jb-patrimoine.fr\/en\/wp-json\/wp\/v2\/pages\/1747"}],"collection":[{"href":"https:\/\/jb-patrimoine.fr\/en\/wp-json\/wp\/v2\/pages"}],"about":[{"href":"https:\/\/jb-patrimoine.fr\/en\/wp-json\/wp\/v2\/types\/page"}],"author":[{"embeddable":true,"href":"https:\/\/jb-patrimoine.fr\/en\/wp-json\/wp\/v2\/users\/1"}],"replies":[{"embeddable":true,"href":"https:\/\/jb-patrimoine.fr\/en\/wp-json\/wp\/v2\/comments?post=1747"}],"version-history":[{"count":26,"href":"https:\/\/jb-patrimoine.fr\/en\/wp-json\/wp\/v2\/pages\/1747\/revisions"}],"predecessor-version":[{"id":2004,"href":"https:\/\/jb-patrimoine.fr\/en\/wp-json\/wp\/v2\/pages\/1747\/revisions\/2004"}],"wp:attachment":[{"href":"https:\/\/jb-patrimoine.fr\/en\/wp-json\/wp\/v2\/media?parent=1747"}],"curies":[{"name":"wp","href":"https:\/\/api.w.org\/{rel}","templated":true}]}}