{"id":1776,"date":"2017-05-03T15:15:05","date_gmt":"2017-05-03T13:15:05","guid":{"rendered":"http:\/\/localhost\/wordpress\/?page_id=1776"},"modified":"2017-05-31T17:11:50","modified_gmt":"2017-05-31T15:11:50","slug":"linvestissement","status":"publish","type":"page","link":"https:\/\/jb-patrimoine.fr\/en\/linvestissement\/","title":{"rendered":"L&#8217;investissement"},"content":{"rendered":"<p>Nous travaillons en collaboration avec la Cardif qui est la compagnie d&#8217;assurance vie de BNP Paribas Assurance &#8211; p\u00f4le assurance de BNP Paribas &#8211; Cardif con\u00e7oit et commercialise ses produits et services dans 41 pays par l&#8217;interm\u00e9diaire de multiples partenaires sous deux marques :<br \/>\nBNP Paribas pour les produits distribu\u00e9s par le r\u00e9seau des agences BNP Paribas en France ainsi que la Banque Priv\u00e9e France et Cardif pour les autres produits distribu\u00e9s dans les autres r\u00e9seaux, en France comme \u00e0 l&#8217;international.<\/p>\n<p>Cardif compte parmi ses partenaires 35 des 100 premi\u00e8res banques mondiales, de nombreuses institutions financi\u00e8res parmi lesquelles des soci\u00e9t\u00e9s de cr\u00e9dit \u00e0 la consommation des filiales de cr\u00e9dit de constructeurs automobiles et des soci\u00e9t\u00e9s de distribution.<br \/>\nEn janvier 2009, Standart &#038; Poor&#8217;s a attribu\u00e9 la notation AA \u00e0 Cardif Assurance Vie et Cardif-Assurances Risques.<\/p>\n<p>En \u00e9pargne<\/p>\n<p>Cardif commercialise des contrats d&#8217;assurance vie aux particuliers dans 11 pays. En France, il propose \u00e9galement des contrats collectifs de retraite, d&#8217;indemnit\u00e9s de fin de carri\u00e8re ou de pr\u00e9retraite aux entreprises.<\/p>\n<p>En pr\u00e9voyance<\/p>\n<p>Cardif propose une large gamme de produits : assurance des emprunteurs, assurance des factures, assurance des moyens de paiement, extension de garanties, gap et pr\u00e9voyance individuelle. En France, il offre des contrats collectifs standards et personnalis\u00e9s aux grandes entreprises comme aux PME.<\/p>\n<p>Les produits de pr\u00e9voyance sont propos\u00e9s dans de nombreux pays.<\/p>\n<p>Copyright cardif<\/p>","protected":false},"excerpt":{"rendered":"<p>Nous travaillons en collaboration avec la Cardif qui est la compagnie d&#8217;assurance vie de BNP Paribas Assurance &#8211; p\u00f4le assurance de BNP Paribas &#8211; Cardif con\u00e7oit et commercialise ses produits et services dans 41 pays par l&#8217;interm\u00e9diaire de multiples partenaires sous deux marques : BNP Paribas pour les produits distribu\u00e9s par le r\u00e9seau des agences [&hellip;]<\/p>\n","protected":false},"author":1,"featured_media":0,"parent":0,"menu_order":0,"comment_status":"closed","ping_status":"closed","template":"","meta":{"_mi_skip_tracking":false,"advanced_seo_description":"","spay_email":""},"jetpack_sharing_enabled":true,"jetpack_shortlink":"https:\/\/wp.me\/P8NvAR-sE","jetpack-related-posts":[{"id":25,"url":"https:\/\/jb-patrimoine.fr\/en\/","url_meta":{"origin":1776,"position":0},"title":"FrontPage","date":"Wednesday May  3rd, 2017","format":false,"excerpt":"","rel":"","context":"Similar post","img":{"alt_text":"","src":"","width":0,"height":0},"classes":[]},{"id":1737,"url":"https:\/\/jb-patrimoine.fr\/en\/questionsreponses\/","url_meta":{"origin":1776,"position":1},"title":"Questions\/R\u00e9ponses","date":"Wednesday May  3rd, 2017","format":false,"excerpt":"A partir de quel montant d'imp\u00f4t peut-on d\u00e9fiscaliser ? Pour que l'op\u00e9ration devienne rentable, il faut payer 3000 euros d'imp\u00f4t par an par foyer fiscal. Quelles sont les garanties locatives? La garantie locative est une assurance qui couvre le r\u00e8glement des loyers de votre bien immobilier en cas de :\u2026","rel":"","context":"Similar post","img":{"alt_text":"","src":"","width":0,"height":0},"classes":[]},{"id":2,"url":"https:\/\/jb-patrimoine.fr\/en\/presentation\/","url_meta":{"origin":1776,"position":2},"title":"Pr\u00e9sentation","date":"Wednesday May  3rd, 2017","format":false,"excerpt":"JB PATRIMOINE vous conseille et vous accompagne tout au long de votre projet dans votre investissement patrimonial. Cr\u00e9\u00e9 en 2005, le cabinet JB PATRIMOINE est ind\u00e9pendant tant sur le choix des promoteurs et des biens immobiliers, que sur le choix des organismes bancaires. Ainsi, nous sommes enti\u00e8rement libre de choisir\u2026","rel":"","context":"Similar post","img":{"alt_text":"","src":"https:\/\/i0.wp.com\/jb-patrimoine.fr\/wp-content\/uploads\/2017\/05\/cropped-34022973940_d902d112a9_k-3.jpg?fit=1200%2C329&ssl=1&resize=350%2C200","width":350,"height":200},"classes":[]},{"id":1785,"url":"https:\/\/jb-patrimoine.fr\/en\/lmnp-censi-bouvard\/","url_meta":{"origin":1776,"position":3},"title":"LMNP Censi Bouvard","date":"Wednesday May  3rd, 2017","format":false,"excerpt":"DISPOSITIF LMNP CENSI BOUVARD La loi de finances rectificative pour 2009 a cr\u00e9e une nouvelle r\u00e9duction d'imp\u00f4t facultative applicable \u00e0 l'activit\u00e9 de Loueur Meubl\u00e9 Non Professionnel et applicable entre le 1ier Janvier 2009 et le 31 D\u00e9cembre 2016. La loi \u00ab Censi Bouvard \u00bb s'adresse \u00e0 un large panel d'investisseur\u2026","rel":"","context":"Similar post","img":{"alt_text":"","src":"","width":0,"height":0},"classes":[]},{"id":1791,"url":"https:\/\/jb-patrimoine.fr\/en\/malraux\/","url_meta":{"origin":1776,"position":4},"title":"Malraux","date":"Wednesday May  3rd, 2017","format":false,"excerpt":"DISPOSITIF MALRAUX La loi \u00ab Malraux \u00bb s'adresse \u00e0 un panel d'investisseurs qui veut \u00e0 la fois r\u00e9duire de fa\u00e7on cons\u00e9quente ses imp\u00f4ts et se constituer un patrimoine puisque par d\u00e9finition, les emplacements sont tr\u00e8s souvent qualitatifs. C'est un dispositif fiscal extr\u00eamement incitatif. Environnement et pr\u00e9sentation g\u00e9n\u00e9rale - Biens concern\u00e9s\u2026","rel":"","context":"Similar post","img":{"alt_text":"","src":"","width":0,"height":0},"classes":[]},{"id":1787,"url":"https:\/\/jb-patrimoine.fr\/en\/lmnp\/","url_meta":{"origin":1776,"position":5},"title":"LMNP","date":"Wednesday May  3rd, 2017","format":false,"excerpt":"DISPOSITIF LMNP Loueur en Meubl\u00e9 Non Professionnel : Le statut \u00ab LMNP \u00bb existe depuis plus de 40 ans. Le \u00ab LMNP \u00bb est le compl\u00e9ment de revenus par excellence car il permet de d\u00e9gager une rente non fiscalis\u00e9e pour la retraite. Le dispositif \u00ab LMNP \u00bb s'adresse \u00e0 un\u2026","rel":"","context":"Similar post","img":{"alt_text":"","src":"","width":0,"height":0},"classes":[]}],"_links":{"self":[{"href":"https:\/\/jb-patrimoine.fr\/en\/wp-json\/wp\/v2\/pages\/1776"}],"collection":[{"href":"https:\/\/jb-patrimoine.fr\/en\/wp-json\/wp\/v2\/pages"}],"about":[{"href":"https:\/\/jb-patrimoine.fr\/en\/wp-json\/wp\/v2\/types\/page"}],"author":[{"embeddable":true,"href":"https:\/\/jb-patrimoine.fr\/en\/wp-json\/wp\/v2\/users\/1"}],"replies":[{"embeddable":true,"href":"https:\/\/jb-patrimoine.fr\/en\/wp-json\/wp\/v2\/comments?post=1776"}],"version-history":[{"count":4,"href":"https:\/\/jb-patrimoine.fr\/en\/wp-json\/wp\/v2\/pages\/1776\/revisions"}],"predecessor-version":[{"id":2011,"href":"https:\/\/jb-patrimoine.fr\/en\/wp-json\/wp\/v2\/pages\/1776\/revisions\/2011"}],"wp:attachment":[{"href":"https:\/\/jb-patrimoine.fr\/en\/wp-json\/wp\/v2\/media?parent=1776"}],"curies":[{"name":"wp","href":"https:\/\/api.w.org\/{rel}","templated":true}]}}