{"id":1873,"date":"2017-05-03T16:44:48","date_gmt":"2017-05-03T14:44:48","guid":{"rendered":"http:\/\/localhost\/wordpress\/?page_id=1873"},"modified":"2017-05-03T16:47:06","modified_gmt":"2017-05-03T14:47:06","slug":"nous-contactez","status":"publish","type":"page","link":"https:\/\/jb-patrimoine.fr\/en\/nous-contactez\/","title":{"rendered":"Nous Contactez"},"content":{"rendered":"<p>&#8230;<\/p>\n","protected":false},"excerpt":{"rendered":"<p>&#8230;<\/p>\n","protected":false},"author":1,"featured_media":0,"parent":0,"menu_order":0,"comment_status":"closed","ping_status":"closed","template":"","meta":{"_mi_skip_tracking":false,"advanced_seo_description":"","spay_email":""},"jetpack_sharing_enabled":true,"jetpack_shortlink":"https:\/\/wp.me\/P8NvAR-ud","jetpack-related-posts":[{"id":2,"url":"https:\/\/jb-patrimoine.fr\/en\/presentation\/","url_meta":{"origin":1873,"position":0},"title":"Pr\u00e9sentation","date":"Wednesday May  3rd, 2017","format":false,"excerpt":"JB PATRIMOINE vous conseille et vous accompagne tout au long de votre projet dans votre investissement patrimonial. Cr\u00e9\u00e9 en 2005, le cabinet JB PATRIMOINE est ind\u00e9pendant tant sur le choix des promoteurs et des biens immobiliers, que sur le choix des organismes bancaires. Ainsi, nous sommes enti\u00e8rement libre de choisir\u2026","rel":"","context":"Similar post","img":{"alt_text":"","src":"https:\/\/i0.wp.com\/jb-patrimoine.fr\/wp-content\/uploads\/2017\/05\/cropped-34022973940_d902d112a9_k-3.jpg?fit=1200%2C329&ssl=1&resize=350%2C200","width":350,"height":200},"classes":[]},{"id":1737,"url":"https:\/\/jb-patrimoine.fr\/en\/questionsreponses\/","url_meta":{"origin":1873,"position":1},"title":"Questions\/R\u00e9ponses","date":"Wednesday May  3rd, 2017","format":false,"excerpt":"A partir de quel montant d'imp\u00f4t peut-on d\u00e9fiscaliser ? Pour que l'op\u00e9ration devienne rentable, il faut payer 3000 euros d'imp\u00f4t par an par foyer fiscal. Quelles sont les garanties locatives? La garantie locative est une assurance qui couvre le r\u00e8glement des loyers de votre bien immobilier en cas de :\u2026","rel":"","context":"Similar post","img":{"alt_text":"","src":"","width":0,"height":0},"classes":[]},{"id":1776,"url":"https:\/\/jb-patrimoine.fr\/en\/linvestissement\/","url_meta":{"origin":1873,"position":2},"title":"L&#8217;investissement","date":"Wednesday May  3rd, 2017","format":false,"excerpt":"Nous travaillons en collaboration avec la Cardif qui est la compagnie d'assurance vie de BNP Paribas Assurance - p\u00f4le assurance de BNP Paribas - Cardif con\u00e7oit et commercialise ses produits et services dans 41 pays par l'interm\u00e9diaire de multiples partenaires sous deux marques : BNP Paribas pour les produits distribu\u00e9s\u2026","rel":"","context":"Similar post","img":{"alt_text":"","src":"","width":0,"height":0},"classes":[]},{"id":25,"url":"https:\/\/jb-patrimoine.fr\/en\/","url_meta":{"origin":1873,"position":3},"title":"FrontPage","date":"Wednesday May  3rd, 2017","format":false,"excerpt":"","rel":"","context":"Similar post","img":{"alt_text":"","src":"","width":0,"height":0},"classes":[]}],"_links":{"self":[{"href":"https:\/\/jb-patrimoine.fr\/en\/wp-json\/wp\/v2\/pages\/1873"}],"collection":[{"href":"https:\/\/jb-patrimoine.fr\/en\/wp-json\/wp\/v2\/pages"}],"about":[{"href":"https:\/\/jb-patrimoine.fr\/en\/wp-json\/wp\/v2\/types\/page"}],"author":[{"embeddable":true,"href":"https:\/\/jb-patrimoine.fr\/en\/wp-json\/wp\/v2\/users\/1"}],"replies":[{"embeddable":true,"href":"https:\/\/jb-patrimoine.fr\/en\/wp-json\/wp\/v2\/comments?post=1873"}],"version-history":[{"count":1,"href":"https:\/\/jb-patrimoine.fr\/en\/wp-json\/wp\/v2\/pages\/1873\/revisions"}],"predecessor-version":[{"id":1874,"href":"https:\/\/jb-patrimoine.fr\/en\/wp-json\/wp\/v2\/pages\/1873\/revisions\/1874"}],"wp:attachment":[{"href":"https:\/\/jb-patrimoine.fr\/en\/wp-json\/wp\/v2\/media?parent=1873"}],"curies":[{"name":"wp","href":"https:\/\/api.w.org\/{rel}","templated":true}]}}